{"id":52,"date":"2021-07-05T09:03:20","date_gmt":"2021-07-05T09:03:20","guid":{"rendered":"https:\/\/new.gaines.fr\/?page_id=52"},"modified":"2021-07-05T09:11:10","modified_gmt":"2021-07-05T09:11:10","slug":"references","status":"publish","type":"page","link":"https:\/\/gaines.fr\/index.php\/references\/","title":{"rendered":"R\u00e9f\u00e9rences"},"content":{"rendered":"\n<style type=\"text\/css\" data-created_by=\"avia_inline_auto\" id=\"style-css-av-kqqeaklw-b13c49b26b5555efc4d9d9639e5243ae\">\n#top .av-special-heading.av-kqqeaklw-b13c49b26b5555efc4d9d9639e5243ae{\npadding-bottom:10px;\n}\nbody .av-special-heading.av-kqqeaklw-b13c49b26b5555efc4d9d9639e5243ae .av-special-heading-tag .heading-char{\nfont-size:25px;\n}\n.av-special-heading.av-kqqeaklw-b13c49b26b5555efc4d9d9639e5243ae .av-subheading{\nfont-size:15px;\n}\n<\/style>\n<div  class='av-special-heading av-kqqeaklw-b13c49b26b5555efc4d9d9639e5243ae av-special-heading-h3  avia-builder-el-0  el_before_av_two_third  avia-builder-el-first '><h3 class='av-special-heading-tag '  itemprop=\"headline\"  >R\u00e9f\u00e9rences<\/h3><div class=\"special-heading-border\"><div class=\"special-heading-inner-border\"><\/div><\/div><\/div>\n\n<style type=\"text\/css\" data-created_by=\"avia_inline_auto\" id=\"style-css-av-1f4uw-038e8ea12039682877aa472a8ebabe57\">\n.flex_column.av-1f4uw-038e8ea12039682877aa472a8ebabe57{\nborder-radius:0px 0px 0px 0px;\npadding:0px 0px 0px 0px;\n}\n<\/style>\n<div  class='flex_column av-1f4uw-038e8ea12039682877aa472a8ebabe57 av_two_third  avia-builder-el-1  el_after_av_heading  el_before_av_one_third  first flex_column_div av-zero-column-padding  '     ><section  class='av_textblock_section av-kqqebjz7-e3e065baea5d3820ce700680886714a8 '   itemscope=\"itemscope\" itemtype=\"https:\/\/schema.org\/CreativeWork\" ><div class='avia_textblock'  itemprop=\"text\" ><p><strong>MARSEILLE<\/strong><\/p>\n<p>Palais de la Glace et de la Glisse<br \/>\nTour CMA-CGM Etages techniques<br \/>\nLyc\u00e9e Lacordaire Internat<br \/>\nF N A C<br \/>\nH\u00f4tel de d\u00e9partement 13<br \/>\nPharmabiotech<br \/>\nH\u00f4pitaux :<br \/>\nSt joseph,<br \/>\nConception,<br \/>\nTimone,<br \/>\nIPC,<br \/>\nNord,<br \/>\nSte Marguerite,<br \/>\nRes. Du Parc,<br \/>\nConception<br \/>\nGrand Littoral<br \/>\nP\u00f4le Peau<\/p>\n<p><strong>Bouches du Rh\u00f4ne et Alpes<\/strong><\/p>\n<p>ST Microlectronic<br \/>\nATMEL<br \/>\nPHOTOMASK-IBS<br \/>\nHopital Manosque<br \/>\nARKEMA Batiment Chloe 2<br \/>\nCFA Montelimar<br \/>\nEHPAD GAP<br \/>\nLes Grand Bains de Monetier les Bains<br \/>\nMagasinsH et M<br \/>\nHYPOPOTAMUS<\/p>\n<p><strong>MONTPELLIER, NIMES, AUBENAS et CASTRES<\/strong><\/p>\n<p>Laboratoire Chauvin et Fabre<br \/>\nBanque de France ENSAM<br \/>\nH\u00f4pital Carremeau et St ELOI<br \/>\nA\u00e9roport Montpellier<br \/>\nBowling Bayonne et Montpellier<\/p>\n<p><strong>CORSE<\/strong><\/p>\n<p>Tri Postal<br \/>\nH\u00f4tel du d\u00e9partement<br \/>\nCorse Composite<br \/>\nCaserne des Pompiers<br \/>\nColl\u00e8ge de BASTIA<\/p>\n<p><strong>GRENOBLE<\/strong><\/p>\n<p>CEA Grenoble (Minnatec)<br \/>\nEquipement Culturel Fontaine<br \/>\nMagasin H ET M<br \/>\nMagasin GO SPORT<br \/>\nMagasin BOULANGER<br \/>\nDiverses Usines<br \/>\nST Microelectronics<br \/>\nMOIRANS<\/p>\n<p><strong>PARIS<\/strong><\/p>\n<p>PLATEFORME DU BATIMENT<br \/>\nFNAC<br \/>\nDECATHLON<br \/>\nDARTY<br \/>\nSEPHORA<\/p>\n<p>RENNES<\/p>\n<p>USINE ST microelec.<\/p>\n<p><strong>ALPES MARITIMES<\/strong><\/p>\n<p>FNAC NICE<br \/>\nZENITH<br \/>\nDECATHLON<br \/>\nFORUM GRIMALDI MONACO<br \/>\nAEROPORT NICE<br \/>\nPlusieurs Usines \u00e0 SOPHIA ANTIPOLIS (Pole \u00e9lectronique et tertiaire)<br \/>\nClinique St Jean \u00e0 Cagnes Sur Mer<br \/>\nMaintenance Palis des Festivals de Cannes<br \/>\nSofitel Cannes<br \/>\nChateau St Martin<br \/>\nNXP Sophia Antipolis<br \/>\nTOYOTA Sophia Antipolis<\/p>\n<p><strong>VAR<\/strong><\/p>\n<p>CNRO Toulon<br \/>\nFNAC, DECATHLON,<br \/>\nDARTY<br \/>\nCasino de jeux d&rsquo;Hy\u00e8res<br \/>\nHOPITAL D&rsquo;Hy\u00e8res<br \/>\nHOPITAL Font Pr\u00e9 \u00e0 TOULON<br \/>\nDCNS St Tropez<br \/>\nHopital Ren\u00e9 Sabran<br \/>\nCollege de St Zachary<\/p>\n<\/div><\/section><\/div>\n\n<style type=\"text\/css\" data-created_by=\"avia_inline_auto\" id=\"style-css-av-soiw-370095a2b526c855143bb3bb9e60678f\">\n.flex_column.av-soiw-370095a2b526c855143bb3bb9e60678f{\nborder-radius:0px 0px 0px 0px;\npadding:0px 0px 0px 0px;\n}\n<\/style>\n<div  class='flex_column av-soiw-370095a2b526c855143bb3bb9e60678f av_one_third  avia-builder-el-3  el_after_av_two_third  avia-builder-el-last  flex_column_div av-zero-column-padding  '     ><p>\n<style type=\"text\/css\" data-created_by=\"avia_inline_auto\" id=\"style-css-av-kqqekssd-062d5addb55203284516a7007d1add61\">\n.avia-image-container.av-kqqekssd-062d5addb55203284516a7007d1add61 img.avia_image{\nbox-shadow:none;\n}\n.avia-image-container.av-kqqekssd-062d5addb55203284516a7007d1add61 .av-image-caption-overlay-center{\ncolor:#ffffff;\n}\n<\/style>\n<div  class='avia-image-container av-kqqekssd-062d5addb55203284516a7007d1add61 av-styling- avia-align-center  avia-builder-el-4  el_before_av_image  avia-builder-el-first '   itemprop=\"image\" itemscope=\"itemscope\" itemtype=\"https:\/\/schema.org\/ImageObject\" ><div class=\"avia-image-container-inner\"><div class=\"avia-image-overlay-wrap\"><img decoding=\"async\" fetchpriority=\"high\" class='wp-image-65 avia-img-lazy-loading-not-65 avia_image ' src=\"https:\/\/gaines.fr\/wp-content\/uploads\/2021\/07\/CA2DBBB5-23D6-4BFA-828B-311A9F8F3B20-17991-0000035E1BBACEB2-300x200.jpg\" alt='' title='CA2DBBB5-23D6-4BFA-828B-311A9F8F3B20-17991-0000035E1BBACEB2'  height=\"200\" width=\"300\"  itemprop=\"thumbnailUrl\" srcset=\"https:\/\/gaines.fr\/wp-content\/uploads\/2021\/07\/CA2DBBB5-23D6-4BFA-828B-311A9F8F3B20-17991-0000035E1BBACEB2-300x200.jpg 300w, https:\/\/gaines.fr\/wp-content\/uploads\/2021\/07\/CA2DBBB5-23D6-4BFA-828B-311A9F8F3B20-17991-0000035E1BBACEB2-1030x687.jpg 1030w, https:\/\/gaines.fr\/wp-content\/uploads\/2021\/07\/CA2DBBB5-23D6-4BFA-828B-311A9F8F3B20-17991-0000035E1BBACEB2-768x512.jpg 768w, https:\/\/gaines.fr\/wp-content\/uploads\/2021\/07\/CA2DBBB5-23D6-4BFA-828B-311A9F8F3B20-17991-0000035E1BBACEB2-705x470.jpg 705w, https:\/\/gaines.fr\/wp-content\/uploads\/2021\/07\/CA2DBBB5-23D6-4BFA-828B-311A9F8F3B20-17991-0000035E1BBACEB2.jpg 1200w\" sizes=\"(max-width: 300px) 100vw, 300px\" \/><\/div><\/div><\/div><br \/>\n\n<style type=\"text\/css\" data-created_by=\"avia_inline_auto\" id=\"style-css-av-kqqelnfk-2f17b329e5475e4ecdd3d14cf09b7ea2\">\n.avia-image-container.av-kqqelnfk-2f17b329e5475e4ecdd3d14cf09b7ea2 img.avia_image{\nbox-shadow:none;\n}\n.avia-image-container.av-kqqelnfk-2f17b329e5475e4ecdd3d14cf09b7ea2 .av-image-caption-overlay-center{\ncolor:#ffffff;\n}\n<\/style>\n<div  class='avia-image-container av-kqqelnfk-2f17b329e5475e4ecdd3d14cf09b7ea2 av-styling- avia-align-center  avia-builder-el-5  el_after_av_image  el_before_av_image '   itemprop=\"image\" itemscope=\"itemscope\" itemtype=\"https:\/\/schema.org\/ImageObject\" ><div class=\"avia-image-container-inner\"><div class=\"avia-image-overlay-wrap\"><img decoding=\"async\" fetchpriority=\"high\" class='wp-image-66 avia-img-lazy-loading-not-66 avia_image ' src=\"https:\/\/gaines.fr\/wp-content\/uploads\/2021\/07\/IMG_8350-300x225.jpg\" alt='' title='IMG_8350'  height=\"225\" width=\"300\"  itemprop=\"thumbnailUrl\" srcset=\"https:\/\/gaines.fr\/wp-content\/uploads\/2021\/07\/IMG_8350-300x225.jpg 300w, https:\/\/gaines.fr\/wp-content\/uploads\/2021\/07\/IMG_8350-1030x773.jpg 1030w, https:\/\/gaines.fr\/wp-content\/uploads\/2021\/07\/IMG_8350-768x576.jpg 768w, https:\/\/gaines.fr\/wp-content\/uploads\/2021\/07\/IMG_8350-705x529.jpg 705w, https:\/\/gaines.fr\/wp-content\/uploads\/2021\/07\/IMG_8350.jpg 1200w\" sizes=\"(max-width: 300px) 100vw, 300px\" \/><\/div><\/div><\/div><br \/>\n\n<style type=\"text\/css\" data-created_by=\"avia_inline_auto\" id=\"style-css-av-kqqejnbv-e946715b31994f7778092ec90e936a35\">\n.avia-image-container.av-kqqejnbv-e946715b31994f7778092ec90e936a35 img.avia_image{\nbox-shadow:none;\n}\n.avia-image-container.av-kqqejnbv-e946715b31994f7778092ec90e936a35 .av-image-caption-overlay-center{\ncolor:#ffffff;\n}\n<\/style>\n<div  class='avia-image-container av-kqqejnbv-e946715b31994f7778092ec90e936a35 av-styling- avia-align-center  avia-builder-el-6  el_after_av_image  el_before_av_image '   itemprop=\"image\" itemscope=\"itemscope\" itemtype=\"https:\/\/schema.org\/ImageObject\" ><div class=\"avia-image-container-inner\"><div class=\"avia-image-overlay-wrap\"><img decoding=\"async\" fetchpriority=\"high\" class='wp-image-61 avia-img-lazy-loading-not-61 avia_image ' src=\"https:\/\/gaines.fr\/wp-content\/uploads\/2021\/07\/GERFLOR-300x169.jpg\" alt='' title='GERFLOR'  height=\"169\" width=\"300\"  itemprop=\"thumbnailUrl\" srcset=\"https:\/\/gaines.fr\/wp-content\/uploads\/2021\/07\/GERFLOR-300x169.jpg 300w, https:\/\/gaines.fr\/wp-content\/uploads\/2021\/07\/GERFLOR-768x432.jpg 768w, https:\/\/gaines.fr\/wp-content\/uploads\/2021\/07\/GERFLOR-705x397.jpg 705w, https:\/\/gaines.fr\/wp-content\/uploads\/2021\/07\/GERFLOR.jpg 1024w\" sizes=\"(max-width: 300px) 100vw, 300px\" \/><\/div><\/div><\/div><br \/>\n\n<style type=\"text\/css\" data-created_by=\"avia_inline_auto\" id=\"style-css-av-kqqek545-0448ae6383f5fe966ab549b49647e413\">\n.avia-image-container.av-kqqek545-0448ae6383f5fe966ab549b49647e413 img.avia_image{\nbox-shadow:none;\n}\n.avia-image-container.av-kqqek545-0448ae6383f5fe966ab549b49647e413 .av-image-caption-overlay-center{\ncolor:#ffffff;\n}\n<\/style>\n<div  class='avia-image-container av-kqqek545-0448ae6383f5fe966ab549b49647e413 av-styling- avia-align-center  avia-builder-el-7  el_after_av_image  avia-builder-el-last '   itemprop=\"image\" itemscope=\"itemscope\" itemtype=\"https:\/\/schema.org\/ImageObject\" ><div class=\"avia-image-container-inner\"><div class=\"avia-image-overlay-wrap\"><img decoding=\"async\" fetchpriority=\"high\" class='wp-image-62 avia-img-lazy-loading-not-62 avia_image ' src=\"https:\/\/gaines.fr\/wp-content\/uploads\/2021\/07\/6D380854-DE58-4802-9247-E88B6B2AC419-17991-0000035E30C24C4C-300x200.jpg\" alt='' title='6D380854-DE58-4802-9247-E88B6B2AC419-17991-0000035E30C24C4C'  height=\"200\" width=\"300\"  itemprop=\"thumbnailUrl\" srcset=\"https:\/\/gaines.fr\/wp-content\/uploads\/2021\/07\/6D380854-DE58-4802-9247-E88B6B2AC419-17991-0000035E30C24C4C-300x200.jpg 300w, https:\/\/gaines.fr\/wp-content\/uploads\/2021\/07\/6D380854-DE58-4802-9247-E88B6B2AC419-17991-0000035E30C24C4C-1030x687.jpg 1030w, https:\/\/gaines.fr\/wp-content\/uploads\/2021\/07\/6D380854-DE58-4802-9247-E88B6B2AC419-17991-0000035E30C24C4C-768x512.jpg 768w, https:\/\/gaines.fr\/wp-content\/uploads\/2021\/07\/6D380854-DE58-4802-9247-E88B6B2AC419-17991-0000035E30C24C4C-705x470.jpg 705w, https:\/\/gaines.fr\/wp-content\/uploads\/2021\/07\/6D380854-DE58-4802-9247-E88B6B2AC419-17991-0000035E30C24C4C.jpg 1200w\" sizes=\"(max-width: 300px) 100vw, 300px\" \/><\/div><\/div><\/div><\/p><\/div>\n","protected":false},"excerpt":{"rendered":"","protected":false},"author":1,"featured_media":0,"parent":0,"menu_order":0,"comment_status":"closed","ping_status":"closed","template":"","meta":{"footnotes":""},"class_list":["post-52","page","type-page","status-publish","hentry"],"yoast_head":"<!-- This site is optimized with the Yoast SEO plugin v27.4 - https:\/\/yoast.com\/product\/yoast-seo-wordpress\/ -->\n<title>R\u00e9f\u00e9rences - GPI2 - Gaines a\u00e9rauliques<\/title>\n<meta name=\"robots\" content=\"index, follow, max-snippet:-1, max-image-preview:large, max-video-preview:-1\" \/>\n<link rel=\"canonical\" href=\"https:\/\/gaines.fr\/index.php\/references\/\" \/>\n<meta property=\"og:locale\" content=\"fr_FR\" \/>\n<meta property=\"og:type\" content=\"article\" \/>\n<meta property=\"og:title\" content=\"R\u00e9f\u00e9rences - GPI2 - Gaines a\u00e9rauliques\" \/>\n<meta property=\"og:url\" content=\"https:\/\/gaines.fr\/index.php\/references\/\" \/>\n<meta property=\"og:site_name\" content=\"GPI2 - Gaines a\u00e9rauliques\" \/>\n<meta property=\"article:modified_time\" content=\"2021-07-05T09:11:10+00:00\" \/>\n<meta name=\"twitter:card\" content=\"summary_large_image\" \/>\n<script type=\"application\/ld+json\" class=\"yoast-schema-graph\">{\"@context\":\"https:\\\/\\\/schema.org\",\"@graph\":[{\"@type\":\"WebPage\",\"@id\":\"https:\\\/\\\/gaines.fr\\\/index.php\\\/references\\\/\",\"url\":\"https:\\\/\\\/gaines.fr\\\/index.php\\\/references\\\/\",\"name\":\"R\u00e9f\u00e9rences - GPI2 - Gaines a\u00e9rauliques\",\"isPartOf\":{\"@id\":\"https:\\\/\\\/gaines.fr\\\/#website\"},\"datePublished\":\"2021-07-05T09:03:20+00:00\",\"dateModified\":\"2021-07-05T09:11:10+00:00\",\"breadcrumb\":{\"@id\":\"https:\\\/\\\/gaines.fr\\\/index.php\\\/references\\\/#breadcrumb\"},\"inLanguage\":\"fr-FR\",\"potentialAction\":[{\"@type\":\"ReadAction\",\"target\":[\"https:\\\/\\\/gaines.fr\\\/index.php\\\/references\\\/\"]}]},{\"@type\":\"BreadcrumbList\",\"@id\":\"https:\\\/\\\/gaines.fr\\\/index.php\\\/references\\\/#breadcrumb\",\"itemListElement\":[{\"@type\":\"ListItem\",\"position\":1,\"name\":\"Accueil\",\"item\":\"https:\\\/\\\/gaines.fr\\\/\"},{\"@type\":\"ListItem\",\"position\":2,\"name\":\"R\u00e9f\u00e9rences\"}]},{\"@type\":\"WebSite\",\"@id\":\"https:\\\/\\\/gaines.fr\\\/#website\",\"url\":\"https:\\\/\\\/gaines.fr\\\/\",\"name\":\"GPI2 - Gaines a\u00e9rauliques\",\"description\":\"Fabrication et pose de r\u00e9seaux de gaines a\u00e9rauliques industrielle\",\"publisher\":{\"@id\":\"https:\\\/\\\/gaines.fr\\\/#organization\"},\"potentialAction\":[{\"@type\":\"SearchAction\",\"target\":{\"@type\":\"EntryPoint\",\"urlTemplate\":\"https:\\\/\\\/gaines.fr\\\/?s={search_term_string}\"},\"query-input\":{\"@type\":\"PropertyValueSpecification\",\"valueRequired\":true,\"valueName\":\"search_term_string\"}}],\"inLanguage\":\"fr-FR\"},{\"@type\":\"Organization\",\"@id\":\"https:\\\/\\\/gaines.fr\\\/#organization\",\"name\":\"GPI2 - Gaines a\u00e9rauliques\",\"url\":\"https:\\\/\\\/gaines.fr\\\/\",\"logo\":{\"@type\":\"ImageObject\",\"inLanguage\":\"fr-FR\",\"@id\":\"https:\\\/\\\/gaines.fr\\\/#\\\/schema\\\/logo\\\/image\\\/\",\"url\":\"https:\\\/\\\/gaines.fr\\\/wp-content\\\/uploads\\\/2021\\\/07\\\/gpi2.jpg\",\"contentUrl\":\"https:\\\/\\\/gaines.fr\\\/wp-content\\\/uploads\\\/2021\\\/07\\\/gpi2.jpg\",\"width\":340,\"height\":244,\"caption\":\"GPI2 - Gaines a\u00e9rauliques\"},\"image\":{\"@id\":\"https:\\\/\\\/gaines.fr\\\/#\\\/schema\\\/logo\\\/image\\\/\"}}]}<\/script>\n<!-- \/ Yoast SEO plugin. -->","yoast_head_json":{"title":"R\u00e9f\u00e9rences - GPI2 - Gaines a\u00e9rauliques","robots":{"index":"index","follow":"follow","max-snippet":"max-snippet:-1","max-image-preview":"max-image-preview:large","max-video-preview":"max-video-preview:-1"},"canonical":"https:\/\/gaines.fr\/index.php\/references\/","og_locale":"fr_FR","og_type":"article","og_title":"R\u00e9f\u00e9rences - GPI2 - Gaines a\u00e9rauliques","og_url":"https:\/\/gaines.fr\/index.php\/references\/","og_site_name":"GPI2 - Gaines a\u00e9rauliques","article_modified_time":"2021-07-05T09:11:10+00:00","twitter_card":"summary_large_image","schema":{"@context":"https:\/\/schema.org","@graph":[{"@type":"WebPage","@id":"https:\/\/gaines.fr\/index.php\/references\/","url":"https:\/\/gaines.fr\/index.php\/references\/","name":"R\u00e9f\u00e9rences - GPI2 - Gaines a\u00e9rauliques","isPartOf":{"@id":"https:\/\/gaines.fr\/#website"},"datePublished":"2021-07-05T09:03:20+00:00","dateModified":"2021-07-05T09:11:10+00:00","breadcrumb":{"@id":"https:\/\/gaines.fr\/index.php\/references\/#breadcrumb"},"inLanguage":"fr-FR","potentialAction":[{"@type":"ReadAction","target":["https:\/\/gaines.fr\/index.php\/references\/"]}]},{"@type":"BreadcrumbList","@id":"https:\/\/gaines.fr\/index.php\/references\/#breadcrumb","itemListElement":[{"@type":"ListItem","position":1,"name":"Accueil","item":"https:\/\/gaines.fr\/"},{"@type":"ListItem","position":2,"name":"R\u00e9f\u00e9rences"}]},{"@type":"WebSite","@id":"https:\/\/gaines.fr\/#website","url":"https:\/\/gaines.fr\/","name":"GPI2 - Gaines a\u00e9rauliques","description":"Fabrication et pose de r\u00e9seaux de gaines a\u00e9rauliques industrielle","publisher":{"@id":"https:\/\/gaines.fr\/#organization"},"potentialAction":[{"@type":"SearchAction","target":{"@type":"EntryPoint","urlTemplate":"https:\/\/gaines.fr\/?s={search_term_string}"},"query-input":{"@type":"PropertyValueSpecification","valueRequired":true,"valueName":"search_term_string"}}],"inLanguage":"fr-FR"},{"@type":"Organization","@id":"https:\/\/gaines.fr\/#organization","name":"GPI2 - Gaines a\u00e9rauliques","url":"https:\/\/gaines.fr\/","logo":{"@type":"ImageObject","inLanguage":"fr-FR","@id":"https:\/\/gaines.fr\/#\/schema\/logo\/image\/","url":"https:\/\/gaines.fr\/wp-content\/uploads\/2021\/07\/gpi2.jpg","contentUrl":"https:\/\/gaines.fr\/wp-content\/uploads\/2021\/07\/gpi2.jpg","width":340,"height":244,"caption":"GPI2 - Gaines a\u00e9rauliques"},"image":{"@id":"https:\/\/gaines.fr\/#\/schema\/logo\/image\/"}}]}},"_links":{"self":[{"href":"https:\/\/gaines.fr\/index.php\/wp-json\/wp\/v2\/pages\/52","targetHints":{"allow":["GET"]}}],"collection":[{"href":"https:\/\/gaines.fr\/index.php\/wp-json\/wp\/v2\/pages"}],"about":[{"href":"https:\/\/gaines.fr\/index.php\/wp-json\/wp\/v2\/types\/page"}],"author":[{"embeddable":true,"href":"https:\/\/gaines.fr\/index.php\/wp-json\/wp\/v2\/users\/1"}],"replies":[{"embeddable":true,"href":"https:\/\/gaines.fr\/index.php\/wp-json\/wp\/v2\/comments?post=52"}],"version-history":[{"count":4,"href":"https:\/\/gaines.fr\/index.php\/wp-json\/wp\/v2\/pages\/52\/revisions"}],"predecessor-version":[{"id":67,"href":"https:\/\/gaines.fr\/index.php\/wp-json\/wp\/v2\/pages\/52\/revisions\/67"}],"wp:attachment":[{"href":"https:\/\/gaines.fr\/index.php\/wp-json\/wp\/v2\/media?parent=52"}],"curies":[{"name":"wp","href":"https:\/\/api.w.org\/{rel}","templated":true}]}}